{"id":841,"date":"2017-09-22T11:49:45","date_gmt":"2017-09-22T09:49:45","guid":{"rendered":"http:\/\/ento.org\/?page_id=841"},"modified":"2026-03-13T11:58:06","modified_gmt":"2026-03-13T10:58:06","slug":"rejoindre-le-reseau-ento","status":"publish","type":"page","link":"https:\/\/ento.org\/fr\/rejoindre-le-reseau-ento\/","title":{"rendered":"Rejoindre le r\u00e9seau ENTO!"},"content":{"rendered":"\n<p class=\"has-medium-font-size\"><strong>FORMULAIRE D&rsquo;ADH\u00c9SION POUR LES MEMBRES INDIVIDUELS<\/strong><\/p>\n\n\n\n<figure class=\"wp-block-image size-large\"><img loading=\"lazy\" width=\"1024\" height=\"536\" src=\"http:\/\/ento.org\/wp-content\/uploads\/2026\/03\/ENTO-1024x536.jpg\" alt=\"\" class=\"wp-image-18234\" srcset=\"https:\/\/ento.org\/wp-content\/uploads\/2026\/03\/ENTO-1024x536.jpg 1024w, https:\/\/ento.org\/wp-content\/uploads\/2026\/03\/ENTO-300x157.jpg 300w, https:\/\/ento.org\/wp-content\/uploads\/2026\/03\/ENTO-768x402.jpg 768w, https:\/\/ento.org\/wp-content\/uploads\/2026\/03\/ENTO.jpg 1200w\" sizes=\"(max-width: 1024px) 100vw, 1024px\" \/><\/figure>\n\n\n\n<div class=\"wp-block-file\"><a id=\"wp-block-file--media-59e0fda0-543a-41fa-85d2-baa7a87316e0\" href=\"http:\/\/ento.org\/wp-content\/uploads\/2026\/03\/ENTO_Individual_Membership_Application_Form.docx\">ENTO_Individual_Membership_Application_Form<\/a><a href=\"http:\/\/ento.org\/wp-content\/uploads\/2026\/03\/ENTO_Individual_Membership_Application_Form.docx\" class=\"wp-block-file__button\" download aria-describedby=\"wp-block-file--media-59e0fda0-543a-41fa-85d2-baa7a87316e0\">Download<\/a><\/div>\n\n\n\n<p>Les formulaires de candidature peuvent \u00eatre envoy\u00e9s \u00e0 l&rsquo;adresse suivante : <a href=\"mailto:ento@civitas.ge\" target=\"_blank\" rel=\"noreferrer noopener\">ento@civitas.ge<\/a><\/p>\n\n\n\n<hr class=\"wp-block-separator\"\/>\n\n\n\n<p class=\"has-medium-font-size\"><strong>FORMULAIRE DE DEMANDE D&rsquo;ADH\u00c9SION<\/strong><\/p>\n\n\n<div class=\"gforms_embed\" width=\"100%\" height=\"5300px\" id=\"1FAIpQLSfuCuDmZ_30vRVSFwhtmw804Tdgs0J3krtxFqxjX5fy7THDaA\"><\/div>","protected":false},"excerpt":{"rendered":"<p>FORMULAIRE D&rsquo;ADH\u00c9SION POUR LES MEMBRES INDIVIDUELS Les formulaires de candidature peuvent \u00eatre envoy\u00e9s \u00e0 l&rsquo;adresse suivante : ento@civitas.ge FORMULAIRE DE DEMANDE D&rsquo;ADH\u00c9SION<\/p>\n","protected":false},"author":8,"featured_media":0,"parent":0,"menu_order":0,"comment_status":"closed","ping_status":"closed","template":"","meta":{"ngg_post_thumbnail":0},"acf":[],"yoast_head":"<!-- This site is optimized with the Yoast SEO plugin v18.1 - https:\/\/yoast.com\/wordpress\/plugins\/seo\/ -->\n<title>Rejoindre le r\u00e9seau ENTO! - Ento<\/title>\n<meta name=\"robots\" content=\"index, follow, max-snippet:-1, max-image-preview:large, max-video-preview:-1\" \/>\n<link rel=\"canonical\" href=\"https:\/\/ento.org\/fr\/rejoindre-le-reseau-ento\/\" \/>\n<meta property=\"og:locale\" content=\"fr_FR\" \/>\n<meta property=\"og:type\" content=\"article\" \/>\n<meta property=\"og:title\" content=\"Rejoindre le r\u00e9seau ENTO! - Ento\" \/>\n<meta property=\"og:description\" content=\"FORMULAIRE D&rsquo;ADH\u00c9SION POUR LES MEMBRES INDIVIDUELS Les formulaires de candidature peuvent \u00eatre envoy\u00e9s \u00e0 l&rsquo;adresse suivante : ento@civitas.ge FORMULAIRE DE DEMANDE D&rsquo;ADH\u00c9SION\" \/>\n<meta property=\"og:url\" content=\"https:\/\/ento.org\/fr\/rejoindre-le-reseau-ento\/\" \/>\n<meta property=\"og:site_name\" content=\"Ento\" \/>\n<meta property=\"article:modified_time\" content=\"2026-03-13T10:58:06+00:00\" \/>\n<meta property=\"og:image\" content=\"http:\/\/ento.org\/wp-content\/uploads\/2026\/03\/ENTO-1024x536.jpg\" \/>\n<meta name=\"twitter:card\" content=\"summary\" \/>\n<meta name=\"twitter:label1\" content=\"Dur\u00e9e de lecture estim\u00e9e\" \/>\n\t<meta name=\"twitter:data1\" content=\"1 minute\" \/>\n<script type=\"application\/ld+json\" class=\"yoast-schema-graph\">{\"@context\":\"https:\/\/schema.org\",\"@graph\":[{\"@type\":\"WebSite\",\"@id\":\"https:\/\/ento.org\/#website\",\"url\":\"https:\/\/ento.org\/\",\"name\":\"Ento\",\"description\":\"European Network Training Organisations for Local and Regional Authorities\",\"potentialAction\":[{\"@type\":\"SearchAction\",\"target\":{\"@type\":\"EntryPoint\",\"urlTemplate\":\"https:\/\/ento.org\/?s={search_term_string}\"},\"query-input\":\"required name=search_term_string\"}],\"inLanguage\":\"fr-FR\"},{\"@type\":\"ImageObject\",\"@id\":\"https:\/\/ento.org\/fr\/rejoindre-le-reseau-ento\/#primaryimage\",\"inLanguage\":\"fr-FR\",\"url\":\"http:\/\/ento.org\/wp-content\/uploads\/2026\/03\/ENTO-1024x536.jpg\",\"contentUrl\":\"http:\/\/ento.org\/wp-content\/uploads\/2026\/03\/ENTO-1024x536.jpg\"},{\"@type\":\"WebPage\",\"@id\":\"https:\/\/ento.org\/fr\/rejoindre-le-reseau-ento\/#webpage\",\"url\":\"https:\/\/ento.org\/fr\/rejoindre-le-reseau-ento\/\",\"name\":\"Rejoindre le r\u00e9seau ENTO! - Ento\",\"isPartOf\":{\"@id\":\"https:\/\/ento.org\/#website\"},\"primaryImageOfPage\":{\"@id\":\"https:\/\/ento.org\/fr\/rejoindre-le-reseau-ento\/#primaryimage\"},\"datePublished\":\"2017-09-22T09:49:45+00:00\",\"dateModified\":\"2026-03-13T10:58:06+00:00\",\"breadcrumb\":{\"@id\":\"https:\/\/ento.org\/fr\/rejoindre-le-reseau-ento\/#breadcrumb\"},\"inLanguage\":\"fr-FR\",\"potentialAction\":[{\"@type\":\"ReadAction\",\"target\":[\"https:\/\/ento.org\/fr\/rejoindre-le-reseau-ento\/\"]}]},{\"@type\":\"BreadcrumbList\",\"@id\":\"https:\/\/ento.org\/fr\/rejoindre-le-reseau-ento\/#breadcrumb\",\"itemListElement\":[{\"@type\":\"ListItem\",\"position\":1,\"name\":\"Home\",\"item\":\"https:\/\/ento.org\/fr\/\"},{\"@type\":\"ListItem\",\"position\":2,\"name\":\"Rejoindre le r\u00e9seau ENTO!\"}]}]}<\/script>\n<!-- \/ Yoast SEO plugin. -->","yoast_head_json":{"title":"Rejoindre le r\u00e9seau ENTO! - Ento","robots":{"index":"index","follow":"follow","max-snippet":"max-snippet:-1","max-image-preview":"max-image-preview:large","max-video-preview":"max-video-preview:-1"},"canonical":"https:\/\/ento.org\/fr\/rejoindre-le-reseau-ento\/","og_locale":"fr_FR","og_type":"article","og_title":"Rejoindre le r\u00e9seau ENTO! - Ento","og_description":"FORMULAIRE D&rsquo;ADH\u00c9SION POUR LES MEMBRES INDIVIDUELS Les formulaires de candidature peuvent \u00eatre envoy\u00e9s \u00e0 l&rsquo;adresse suivante : ento@civitas.ge FORMULAIRE DE DEMANDE D&rsquo;ADH\u00c9SION","og_url":"https:\/\/ento.org\/fr\/rejoindre-le-reseau-ento\/","og_site_name":"Ento","article_modified_time":"2026-03-13T10:58:06+00:00","og_image":[{"url":"http:\/\/ento.org\/wp-content\/uploads\/2026\/03\/ENTO-1024x536.jpg"}],"twitter_card":"summary","twitter_misc":{"Dur\u00e9e de lecture estim\u00e9e":"1 minute"},"schema":{"@context":"https:\/\/schema.org","@graph":[{"@type":"WebSite","@id":"https:\/\/ento.org\/#website","url":"https:\/\/ento.org\/","name":"Ento","description":"European Network Training Organisations for Local and Regional Authorities","potentialAction":[{"@type":"SearchAction","target":{"@type":"EntryPoint","urlTemplate":"https:\/\/ento.org\/?s={search_term_string}"},"query-input":"required name=search_term_string"}],"inLanguage":"fr-FR"},{"@type":"ImageObject","@id":"https:\/\/ento.org\/fr\/rejoindre-le-reseau-ento\/#primaryimage","inLanguage":"fr-FR","url":"http:\/\/ento.org\/wp-content\/uploads\/2026\/03\/ENTO-1024x536.jpg","contentUrl":"http:\/\/ento.org\/wp-content\/uploads\/2026\/03\/ENTO-1024x536.jpg"},{"@type":"WebPage","@id":"https:\/\/ento.org\/fr\/rejoindre-le-reseau-ento\/#webpage","url":"https:\/\/ento.org\/fr\/rejoindre-le-reseau-ento\/","name":"Rejoindre le r\u00e9seau ENTO! - Ento","isPartOf":{"@id":"https:\/\/ento.org\/#website"},"primaryImageOfPage":{"@id":"https:\/\/ento.org\/fr\/rejoindre-le-reseau-ento\/#primaryimage"},"datePublished":"2017-09-22T09:49:45+00:00","dateModified":"2026-03-13T10:58:06+00:00","breadcrumb":{"@id":"https:\/\/ento.org\/fr\/rejoindre-le-reseau-ento\/#breadcrumb"},"inLanguage":"fr-FR","potentialAction":[{"@type":"ReadAction","target":["https:\/\/ento.org\/fr\/rejoindre-le-reseau-ento\/"]}]},{"@type":"BreadcrumbList","@id":"https:\/\/ento.org\/fr\/rejoindre-le-reseau-ento\/#breadcrumb","itemListElement":[{"@type":"ListItem","position":1,"name":"Home","item":"https:\/\/ento.org\/fr\/"},{"@type":"ListItem","position":2,"name":"Rejoindre le r\u00e9seau ENTO!"}]}]}},"_links":{"self":[{"href":"https:\/\/ento.org\/fr\/wp-json\/wp\/v2\/pages\/841"}],"collection":[{"href":"https:\/\/ento.org\/fr\/wp-json\/wp\/v2\/pages"}],"about":[{"href":"https:\/\/ento.org\/fr\/wp-json\/wp\/v2\/types\/page"}],"author":[{"embeddable":true,"href":"https:\/\/ento.org\/fr\/wp-json\/wp\/v2\/users\/8"}],"replies":[{"embeddable":true,"href":"https:\/\/ento.org\/fr\/wp-json\/wp\/v2\/comments?post=841"}],"version-history":[{"count":9,"href":"https:\/\/ento.org\/fr\/wp-json\/wp\/v2\/pages\/841\/revisions"}],"predecessor-version":[{"id":18264,"href":"https:\/\/ento.org\/fr\/wp-json\/wp\/v2\/pages\/841\/revisions\/18264"}],"wp:attachment":[{"href":"https:\/\/ento.org\/fr\/wp-json\/wp\/v2\/media?parent=841"}],"curies":[{"name":"wp","href":"https:\/\/api.w.org\/{rel}","templated":true}]}}