{"id":732,"date":"2017-09-14T11:44:03","date_gmt":"2017-09-14T09:44:03","guid":{"rendered":"http:\/\/ento.org\/?page_id=732"},"modified":"2017-12-01T14:02:15","modified_gmt":"2017-12-01T13:02:15","slug":"ento","status":"publish","type":"page","link":"https:\/\/ento.org\/fr\/ento\/","title":{"rendered":"Ento"},"content":{"rendered":"<p>ENTO est un r\u00e9seau europ\u00e9en d&rsquo;op\u00e9rateurs\u00a0de formations \u00e0 destination des autorit\u00e9s locales et r\u00e9gionales, regroupant virtuellement les Etats membres du Conseil d\u2019Europe.<\/p>\n<p>Premier projet du Conseil d\u2019Europe, Ento est, depuis 1995, une association ind\u00e9pendante regroupant une large vari\u00e9t\u00e9 de personnes, et parmi elles des organisations avec des ann\u00e9es d\u2019exp\u00e9rience en mati\u00e8re de formations ainsi que des institutions relativement r\u00e9centes avec leurs propres sp\u00e9cialit\u00e9s.<\/p>\n<p>&nbsp;<\/p>\n<p style=\"text-align: center;\"><a class=\"btn btn-default\" href=\"http:\/\/ento.org\/ento\/nos-missions\/?lang=fr\" target=\"_blank\" rel=\"noopener\">Nos missions<\/a>\u00a0 \u00a0<a class=\"btn btn-default\" href=\"http:\/\/ento.org\/ento\/notre-structure\/?lang=fr\" target=\"_blank\" rel=\"noopener\">Notre structure<\/a>\u00a0\u00a0<a class=\"btn btn-default\" href=\"http:\/\/ento.org\/ento\/nos-statuts\/?lang=fr\" target=\"_blank\" rel=\"noopener\">Nos statuts<\/a><\/p>\n","protected":false},"excerpt":{"rendered":"<p>ENTO est un r\u00e9seau europ\u00e9en d&rsquo;op\u00e9rateurs\u00a0de formations \u00e0 destination des autorit\u00e9s locales et r\u00e9gionales, regroupant virtuellement les Etats membres du Conseil d\u2019Europe. Premier projet du Conseil d\u2019Europe, Ento est, depuis 1995, une association ind\u00e9pendante regroupant une large vari\u00e9t\u00e9 de personnes, et parmi elles des organisations avec des ann\u00e9es d\u2019exp\u00e9rience en mati\u00e8re de formations ainsi que [&hellip;]<\/p>\n","protected":false},"author":8,"featured_media":0,"parent":0,"menu_order":0,"comment_status":"closed","ping_status":"closed","template":"","meta":{"ngg_post_thumbnail":0},"acf":[],"yoast_head":"<!-- This site is optimized with the Yoast SEO plugin v18.1 - https:\/\/yoast.com\/wordpress\/plugins\/seo\/ -->\n<title>Ento - Ento<\/title>\n<meta name=\"robots\" content=\"index, follow, max-snippet:-1, max-image-preview:large, max-video-preview:-1\" \/>\n<link rel=\"canonical\" href=\"https:\/\/ento.org\/fr\/ento\/\" \/>\n<meta property=\"og:locale\" content=\"fr_FR\" \/>\n<meta property=\"og:type\" content=\"article\" \/>\n<meta property=\"og:title\" content=\"Ento - Ento\" \/>\n<meta property=\"og:description\" content=\"ENTO est un r\u00e9seau europ\u00e9en d&rsquo;op\u00e9rateurs\u00a0de formations \u00e0 destination des autorit\u00e9s locales et r\u00e9gionales, regroupant virtuellement les Etats membres du Conseil d\u2019Europe. Premier projet du Conseil d\u2019Europe, Ento est, depuis 1995, une association ind\u00e9pendante regroupant une large vari\u00e9t\u00e9 de personnes, et parmi elles des organisations avec des ann\u00e9es d\u2019exp\u00e9rience en mati\u00e8re de formations ainsi que [&hellip;]\" \/>\n<meta property=\"og:url\" content=\"https:\/\/ento.org\/fr\/ento\/\" \/>\n<meta property=\"og:site_name\" content=\"Ento\" \/>\n<meta property=\"article:modified_time\" content=\"2017-12-01T13:02:15+00:00\" \/>\n<meta name=\"twitter:card\" content=\"summary\" \/>\n<script type=\"application\/ld+json\" class=\"yoast-schema-graph\">{\"@context\":\"https:\/\/schema.org\",\"@graph\":[{\"@type\":\"WebSite\",\"@id\":\"https:\/\/ento.org\/#website\",\"url\":\"https:\/\/ento.org\/\",\"name\":\"Ento\",\"description\":\"European Network Training Organisations for Local and Regional Authorities\",\"potentialAction\":[{\"@type\":\"SearchAction\",\"target\":{\"@type\":\"EntryPoint\",\"urlTemplate\":\"https:\/\/ento.org\/?s={search_term_string}\"},\"query-input\":\"required name=search_term_string\"}],\"inLanguage\":\"fr-FR\"},{\"@type\":\"WebPage\",\"@id\":\"https:\/\/ento.org\/fr\/ento\/#webpage\",\"url\":\"https:\/\/ento.org\/fr\/ento\/\",\"name\":\"Ento - Ento\",\"isPartOf\":{\"@id\":\"https:\/\/ento.org\/#website\"},\"datePublished\":\"2017-09-14T09:44:03+00:00\",\"dateModified\":\"2017-12-01T13:02:15+00:00\",\"breadcrumb\":{\"@id\":\"https:\/\/ento.org\/fr\/ento\/#breadcrumb\"},\"inLanguage\":\"fr-FR\",\"potentialAction\":[{\"@type\":\"ReadAction\",\"target\":[\"https:\/\/ento.org\/fr\/ento\/\"]}]},{\"@type\":\"BreadcrumbList\",\"@id\":\"https:\/\/ento.org\/fr\/ento\/#breadcrumb\",\"itemListElement\":[{\"@type\":\"ListItem\",\"position\":1,\"name\":\"Home\",\"item\":\"https:\/\/ento.org\/fr\/\"},{\"@type\":\"ListItem\",\"position\":2,\"name\":\"Ento\"}]}]}<\/script>\n<!-- \/ Yoast SEO plugin. -->","yoast_head_json":{"title":"Ento - Ento","robots":{"index":"index","follow":"follow","max-snippet":"max-snippet:-1","max-image-preview":"max-image-preview:large","max-video-preview":"max-video-preview:-1"},"canonical":"https:\/\/ento.org\/fr\/ento\/","og_locale":"fr_FR","og_type":"article","og_title":"Ento - Ento","og_description":"ENTO est un r\u00e9seau europ\u00e9en d&rsquo;op\u00e9rateurs\u00a0de formations \u00e0 destination des autorit\u00e9s locales et r\u00e9gionales, regroupant virtuellement les Etats membres du Conseil d\u2019Europe. Premier projet du Conseil d\u2019Europe, Ento est, depuis 1995, une association ind\u00e9pendante regroupant une large vari\u00e9t\u00e9 de personnes, et parmi elles des organisations avec des ann\u00e9es d\u2019exp\u00e9rience en mati\u00e8re de formations ainsi que [&hellip;]","og_url":"https:\/\/ento.org\/fr\/ento\/","og_site_name":"Ento","article_modified_time":"2017-12-01T13:02:15+00:00","twitter_card":"summary","schema":{"@context":"https:\/\/schema.org","@graph":[{"@type":"WebSite","@id":"https:\/\/ento.org\/#website","url":"https:\/\/ento.org\/","name":"Ento","description":"European Network Training Organisations for Local and Regional Authorities","potentialAction":[{"@type":"SearchAction","target":{"@type":"EntryPoint","urlTemplate":"https:\/\/ento.org\/?s={search_term_string}"},"query-input":"required name=search_term_string"}],"inLanguage":"fr-FR"},{"@type":"WebPage","@id":"https:\/\/ento.org\/fr\/ento\/#webpage","url":"https:\/\/ento.org\/fr\/ento\/","name":"Ento - Ento","isPartOf":{"@id":"https:\/\/ento.org\/#website"},"datePublished":"2017-09-14T09:44:03+00:00","dateModified":"2017-12-01T13:02:15+00:00","breadcrumb":{"@id":"https:\/\/ento.org\/fr\/ento\/#breadcrumb"},"inLanguage":"fr-FR","potentialAction":[{"@type":"ReadAction","target":["https:\/\/ento.org\/fr\/ento\/"]}]},{"@type":"BreadcrumbList","@id":"https:\/\/ento.org\/fr\/ento\/#breadcrumb","itemListElement":[{"@type":"ListItem","position":1,"name":"Home","item":"https:\/\/ento.org\/fr\/"},{"@type":"ListItem","position":2,"name":"Ento"}]}]}},"_links":{"self":[{"href":"https:\/\/ento.org\/fr\/wp-json\/wp\/v2\/pages\/732"}],"collection":[{"href":"https:\/\/ento.org\/fr\/wp-json\/wp\/v2\/pages"}],"about":[{"href":"https:\/\/ento.org\/fr\/wp-json\/wp\/v2\/types\/page"}],"author":[{"embeddable":true,"href":"https:\/\/ento.org\/fr\/wp-json\/wp\/v2\/users\/8"}],"replies":[{"embeddable":true,"href":"https:\/\/ento.org\/fr\/wp-json\/wp\/v2\/comments?post=732"}],"version-history":[{"count":3,"href":"https:\/\/ento.org\/fr\/wp-json\/wp\/v2\/pages\/732\/revisions"}],"predecessor-version":[{"id":810,"href":"https:\/\/ento.org\/fr\/wp-json\/wp\/v2\/pages\/732\/revisions\/810"}],"wp:attachment":[{"href":"https:\/\/ento.org\/fr\/wp-json\/wp\/v2\/media?parent=732"}],"curies":[{"name":"wp","href":"https:\/\/api.w.org\/{rel}","templated":true}]}}