{"id":615,"date":"2017-09-14T09:36:44","date_gmt":"2017-09-14T07:36:44","guid":{"rendered":"http:\/\/ento.org\/?page_id=615"},"modified":"2017-09-14T09:38:12","modified_gmt":"2017-09-14T07:38:12","slug":"nos-statuts","status":"publish","type":"page","link":"https:\/\/ento.org\/fr\/ento\/nos-statuts\/","title":{"rendered":"Nos statuts"},"content":{"rendered":"<p>L\u2019Assembles g\u00e9n\u00e9rale extraordinaire de l\u2019ENTO en 2009, qui a eu lieu le 2 f\u00e9vrier \u00e0 Strasbourg, a vot\u00e9 les \u00e9lections directes du Pr\u00e9sident et la limitation\u00a0 des mandats du Bureau de l\u2019Ento et du Pr\u00e9sident \u00e0 deux mandats de deux ans chacun (un total maximum de 4 ans). Les changements dans les statuts de l\u2019ENTO et les r\u00e8gles de proc\u00e9dure furent adopt\u00e9s lors de l\u2019Assembl\u00e9e g\u00e9n\u00e9rale d\u2019apr\u00e8s, qui a eu lieu en octobre 2009.<\/p>\n<p><a href=\"http:\/\/ento.org\/wp-content\/uploads\/2017\/07\/2009.11.10_conf_bud1_3_rev5_ento_statutes_fr.pdf\" target=\"_blank\" rel=\"noopener\">T\u00e9l\u00e9charger les statuts ENTO<\/a><\/p>\n","protected":false},"excerpt":{"rendered":"<p>L\u2019Assembles g\u00e9n\u00e9rale extraordinaire de l\u2019ENTO en 2009, qui a eu lieu le 2 f\u00e9vrier \u00e0 Strasbourg, a vot\u00e9 les \u00e9lections directes du Pr\u00e9sident et la limitation\u00a0 des mandats du Bureau de l\u2019Ento et du Pr\u00e9sident \u00e0 deux mandats de deux ans chacun (un total maximum de 4 ans). Les changements dans les statuts de l\u2019ENTO [&hellip;]<\/p>\n","protected":false},"author":8,"featured_media":0,"parent":732,"menu_order":0,"comment_status":"closed","ping_status":"closed","template":"","meta":{"ngg_post_thumbnail":0},"acf":[],"yoast_head":"<!-- This site is optimized with the Yoast SEO plugin v18.1 - https:\/\/yoast.com\/wordpress\/plugins\/seo\/ -->\n<title>Nos statuts - Ento<\/title>\n<meta name=\"robots\" content=\"index, follow, max-snippet:-1, max-image-preview:large, max-video-preview:-1\" \/>\n<link rel=\"canonical\" href=\"https:\/\/ento.org\/fr\/ento\/nos-statuts\/\" \/>\n<meta property=\"og:locale\" content=\"fr_FR\" \/>\n<meta property=\"og:type\" content=\"article\" \/>\n<meta property=\"og:title\" content=\"Nos statuts - Ento\" \/>\n<meta property=\"og:description\" content=\"L\u2019Assembles g\u00e9n\u00e9rale extraordinaire de l\u2019ENTO en 2009, qui a eu lieu le 2 f\u00e9vrier \u00e0 Strasbourg, a vot\u00e9 les \u00e9lections directes du Pr\u00e9sident et la limitation\u00a0 des mandats du Bureau de l\u2019Ento et du Pr\u00e9sident \u00e0 deux mandats de deux ans chacun (un total maximum de 4 ans). Les changements dans les statuts de l\u2019ENTO [&hellip;]\" \/>\n<meta property=\"og:url\" content=\"https:\/\/ento.org\/fr\/ento\/nos-statuts\/\" \/>\n<meta property=\"og:site_name\" content=\"Ento\" \/>\n<meta property=\"article:modified_time\" content=\"2017-09-14T07:38:12+00:00\" \/>\n<meta name=\"twitter:card\" content=\"summary\" \/>\n<script type=\"application\/ld+json\" class=\"yoast-schema-graph\">{\"@context\":\"https:\/\/schema.org\",\"@graph\":[{\"@type\":\"WebSite\",\"@id\":\"https:\/\/ento.org\/#website\",\"url\":\"https:\/\/ento.org\/\",\"name\":\"Ento\",\"description\":\"European Network Training Organisations for Local and Regional Authorities\",\"potentialAction\":[{\"@type\":\"SearchAction\",\"target\":{\"@type\":\"EntryPoint\",\"urlTemplate\":\"https:\/\/ento.org\/?s={search_term_string}\"},\"query-input\":\"required name=search_term_string\"}],\"inLanguage\":\"fr-FR\"},{\"@type\":\"WebPage\",\"@id\":\"https:\/\/ento.org\/fr\/ento\/nos-statuts\/#webpage\",\"url\":\"https:\/\/ento.org\/fr\/ento\/nos-statuts\/\",\"name\":\"Nos statuts - Ento\",\"isPartOf\":{\"@id\":\"https:\/\/ento.org\/#website\"},\"datePublished\":\"2017-09-14T07:36:44+00:00\",\"dateModified\":\"2017-09-14T07:38:12+00:00\",\"breadcrumb\":{\"@id\":\"https:\/\/ento.org\/fr\/ento\/nos-statuts\/#breadcrumb\"},\"inLanguage\":\"fr-FR\",\"potentialAction\":[{\"@type\":\"ReadAction\",\"target\":[\"https:\/\/ento.org\/fr\/ento\/nos-statuts\/\"]}]},{\"@type\":\"BreadcrumbList\",\"@id\":\"https:\/\/ento.org\/fr\/ento\/nos-statuts\/#breadcrumb\",\"itemListElement\":[{\"@type\":\"ListItem\",\"position\":1,\"name\":\"Home\",\"item\":\"https:\/\/ento.org\/fr\/\"},{\"@type\":\"ListItem\",\"position\":2,\"name\":\"Ento\",\"item\":\"https:\/\/ento.org\/fr\/ento\/\"},{\"@type\":\"ListItem\",\"position\":3,\"name\":\"Nos statuts\"}]}]}<\/script>\n<!-- \/ Yoast SEO plugin. -->","yoast_head_json":{"title":"Nos statuts - Ento","robots":{"index":"index","follow":"follow","max-snippet":"max-snippet:-1","max-image-preview":"max-image-preview:large","max-video-preview":"max-video-preview:-1"},"canonical":"https:\/\/ento.org\/fr\/ento\/nos-statuts\/","og_locale":"fr_FR","og_type":"article","og_title":"Nos statuts - Ento","og_description":"L\u2019Assembles g\u00e9n\u00e9rale extraordinaire de l\u2019ENTO en 2009, qui a eu lieu le 2 f\u00e9vrier \u00e0 Strasbourg, a vot\u00e9 les \u00e9lections directes du Pr\u00e9sident et la limitation\u00a0 des mandats du Bureau de l\u2019Ento et du Pr\u00e9sident \u00e0 deux mandats de deux ans chacun (un total maximum de 4 ans). Les changements dans les statuts de l\u2019ENTO [&hellip;]","og_url":"https:\/\/ento.org\/fr\/ento\/nos-statuts\/","og_site_name":"Ento","article_modified_time":"2017-09-14T07:38:12+00:00","twitter_card":"summary","schema":{"@context":"https:\/\/schema.org","@graph":[{"@type":"WebSite","@id":"https:\/\/ento.org\/#website","url":"https:\/\/ento.org\/","name":"Ento","description":"European Network Training Organisations for Local and Regional Authorities","potentialAction":[{"@type":"SearchAction","target":{"@type":"EntryPoint","urlTemplate":"https:\/\/ento.org\/?s={search_term_string}"},"query-input":"required name=search_term_string"}],"inLanguage":"fr-FR"},{"@type":"WebPage","@id":"https:\/\/ento.org\/fr\/ento\/nos-statuts\/#webpage","url":"https:\/\/ento.org\/fr\/ento\/nos-statuts\/","name":"Nos statuts - Ento","isPartOf":{"@id":"https:\/\/ento.org\/#website"},"datePublished":"2017-09-14T07:36:44+00:00","dateModified":"2017-09-14T07:38:12+00:00","breadcrumb":{"@id":"https:\/\/ento.org\/fr\/ento\/nos-statuts\/#breadcrumb"},"inLanguage":"fr-FR","potentialAction":[{"@type":"ReadAction","target":["https:\/\/ento.org\/fr\/ento\/nos-statuts\/"]}]},{"@type":"BreadcrumbList","@id":"https:\/\/ento.org\/fr\/ento\/nos-statuts\/#breadcrumb","itemListElement":[{"@type":"ListItem","position":1,"name":"Home","item":"https:\/\/ento.org\/fr\/"},{"@type":"ListItem","position":2,"name":"Ento","item":"https:\/\/ento.org\/fr\/ento\/"},{"@type":"ListItem","position":3,"name":"Nos statuts"}]}]}},"_links":{"self":[{"href":"https:\/\/ento.org\/fr\/wp-json\/wp\/v2\/pages\/615"}],"collection":[{"href":"https:\/\/ento.org\/fr\/wp-json\/wp\/v2\/pages"}],"about":[{"href":"https:\/\/ento.org\/fr\/wp-json\/wp\/v2\/types\/page"}],"author":[{"embeddable":true,"href":"https:\/\/ento.org\/fr\/wp-json\/wp\/v2\/users\/8"}],"replies":[{"embeddable":true,"href":"https:\/\/ento.org\/fr\/wp-json\/wp\/v2\/comments?post=615"}],"version-history":[{"count":3,"href":"https:\/\/ento.org\/fr\/wp-json\/wp\/v2\/pages\/615\/revisions"}],"predecessor-version":[{"id":618,"href":"https:\/\/ento.org\/fr\/wp-json\/wp\/v2\/pages\/615\/revisions\/618"}],"up":[{"embeddable":true,"href":"https:\/\/ento.org\/fr\/wp-json\/wp\/v2\/pages\/732"}],"wp:attachment":[{"href":"https:\/\/ento.org\/fr\/wp-json\/wp\/v2\/media?parent=615"}],"curies":[{"name":"wp","href":"https:\/\/api.w.org\/{rel}","templated":true}]}}