{"id":612,"date":"2017-09-14T09:35:31","date_gmt":"2017-09-14T07:35:31","guid":{"rendered":"http:\/\/ento.org\/?page_id=612"},"modified":"2022-10-25T09:38:42","modified_gmt":"2022-10-25T07:38:42","slug":"notre-structure","status":"publish","type":"page","link":"https:\/\/ento.org\/fr\/ento\/notre-structure\/","title":{"rendered":"Notre structure"},"content":{"rendered":"<h2>L\u2019assembl\u00e9e g\u00e9n\u00e9rale de ENTO<\/h2>\n<p>Selon les statuts, l\u2019Assembl\u00e9e G\u00e9n\u00e9rale est une r\u00e9union de tous les membres de l\u2019association. Elle est convoqu\u00e9e par le Pr\u00e9sident une fois par an. Le pr\u00e9sident convoque \u00e9galement des sessions extraordinaires \u00e0 la demande du Bureau, ou \u00e0 la demande du tiers des membres votants.<\/p>\n<p>L\u2019Assembl\u00e9e g\u00e9n\u00e9rale d\u00e9cide des lignes directrices du travail de l\u2019association. Elle approuve le rapport annuel du Pr\u00e9sident et le rapport financier du tr\u00e9sorier, ainsi que les comptes de l\u2019association et le budget annuel.<\/p>\n<h2>Le Bureau de ENTO&nbsp;<\/h2>\n<p>En octobre 2022, de nouvelles \u00e9lections de l\u2019Assembl\u00e9e g\u00e9n\u00e9rale pour le Bureau ont eues lieu. Le nouveau Bureau \u00e9lu est compos\u00e9 comme suit ;<\/p>\n<ul>\n<li>Pierre Petit, Pr\u00e9sident de l&rsquo;ENTO,<\/li>\n<li>Giorgi Meshkidze, Vice-pr\u00e9sident,<\/li>\n<li>Danijela Romic, Vice-pr\u00e9sidente,<\/li>\n<li>Paolo Crugnola,&nbsp;<\/li>\n<li>Gert Fieguth,<\/li>\n<li>Jean-Paul Plassard, Tr\u00e9sorier<\/li>\n<\/ul>\n<p>&nbsp;<\/p>\n","protected":false},"excerpt":{"rendered":"<p>L\u2019assembl\u00e9e g\u00e9n\u00e9rale de ENTO Selon les statuts, l\u2019Assembl\u00e9e G\u00e9n\u00e9rale est une r\u00e9union de tous les membres de l\u2019association. Elle est convoqu\u00e9e par le Pr\u00e9sident une fois par an. Le pr\u00e9sident convoque \u00e9galement des sessions extraordinaires \u00e0 la demande du Bureau, ou \u00e0 la demande du tiers des membres votants. L\u2019Assembl\u00e9e g\u00e9n\u00e9rale d\u00e9cide des lignes directrices [&hellip;]<\/p>\n","protected":false},"author":8,"featured_media":0,"parent":732,"menu_order":0,"comment_status":"closed","ping_status":"closed","template":"","meta":{"ngg_post_thumbnail":0},"acf":[],"yoast_head":"<!-- This site is optimized with the Yoast SEO plugin v18.1 - https:\/\/yoast.com\/wordpress\/plugins\/seo\/ -->\n<title>Notre structure - Ento<\/title>\n<meta name=\"robots\" content=\"index, follow, max-snippet:-1, max-image-preview:large, max-video-preview:-1\" \/>\n<link rel=\"canonical\" href=\"https:\/\/ento.org\/fr\/ento\/notre-structure\/\" \/>\n<meta property=\"og:locale\" content=\"fr_FR\" \/>\n<meta property=\"og:type\" content=\"article\" \/>\n<meta property=\"og:title\" content=\"Notre structure - Ento\" \/>\n<meta property=\"og:description\" content=\"L\u2019assembl\u00e9e g\u00e9n\u00e9rale de ENTO Selon les statuts, l\u2019Assembl\u00e9e G\u00e9n\u00e9rale est une r\u00e9union de tous les membres de l\u2019association. Elle est convoqu\u00e9e par le Pr\u00e9sident une fois par an. Le pr\u00e9sident convoque \u00e9galement des sessions extraordinaires \u00e0 la demande du Bureau, ou \u00e0 la demande du tiers des membres votants. L\u2019Assembl\u00e9e g\u00e9n\u00e9rale d\u00e9cide des lignes directrices [&hellip;]\" \/>\n<meta property=\"og:url\" content=\"https:\/\/ento.org\/fr\/ento\/notre-structure\/\" \/>\n<meta property=\"og:site_name\" content=\"Ento\" \/>\n<meta property=\"article:modified_time\" content=\"2022-10-25T07:38:42+00:00\" \/>\n<meta name=\"twitter:card\" content=\"summary\" \/>\n<meta name=\"twitter:label1\" content=\"Dur\u00e9e de lecture estim\u00e9e\" \/>\n\t<meta name=\"twitter:data1\" content=\"1 minute\" \/>\n<script type=\"application\/ld+json\" class=\"yoast-schema-graph\">{\"@context\":\"https:\/\/schema.org\",\"@graph\":[{\"@type\":\"WebSite\",\"@id\":\"https:\/\/ento.org\/#website\",\"url\":\"https:\/\/ento.org\/\",\"name\":\"Ento\",\"description\":\"European Network Training Organisations for Local and Regional Authorities\",\"potentialAction\":[{\"@type\":\"SearchAction\",\"target\":{\"@type\":\"EntryPoint\",\"urlTemplate\":\"https:\/\/ento.org\/?s={search_term_string}\"},\"query-input\":\"required name=search_term_string\"}],\"inLanguage\":\"fr-FR\"},{\"@type\":\"WebPage\",\"@id\":\"https:\/\/ento.org\/fr\/ento\/notre-structure\/#webpage\",\"url\":\"https:\/\/ento.org\/fr\/ento\/notre-structure\/\",\"name\":\"Notre structure - Ento\",\"isPartOf\":{\"@id\":\"https:\/\/ento.org\/#website\"},\"datePublished\":\"2017-09-14T07:35:31+00:00\",\"dateModified\":\"2022-10-25T07:38:42+00:00\",\"breadcrumb\":{\"@id\":\"https:\/\/ento.org\/fr\/ento\/notre-structure\/#breadcrumb\"},\"inLanguage\":\"fr-FR\",\"potentialAction\":[{\"@type\":\"ReadAction\",\"target\":[\"https:\/\/ento.org\/fr\/ento\/notre-structure\/\"]}]},{\"@type\":\"BreadcrumbList\",\"@id\":\"https:\/\/ento.org\/fr\/ento\/notre-structure\/#breadcrumb\",\"itemListElement\":[{\"@type\":\"ListItem\",\"position\":1,\"name\":\"Home\",\"item\":\"https:\/\/ento.org\/fr\/\"},{\"@type\":\"ListItem\",\"position\":2,\"name\":\"Ento\",\"item\":\"https:\/\/ento.org\/fr\/ento\/\"},{\"@type\":\"ListItem\",\"position\":3,\"name\":\"Notre structure\"}]}]}<\/script>\n<!-- \/ Yoast SEO plugin. -->","yoast_head_json":{"title":"Notre structure - Ento","robots":{"index":"index","follow":"follow","max-snippet":"max-snippet:-1","max-image-preview":"max-image-preview:large","max-video-preview":"max-video-preview:-1"},"canonical":"https:\/\/ento.org\/fr\/ento\/notre-structure\/","og_locale":"fr_FR","og_type":"article","og_title":"Notre structure - Ento","og_description":"L\u2019assembl\u00e9e g\u00e9n\u00e9rale de ENTO Selon les statuts, l\u2019Assembl\u00e9e G\u00e9n\u00e9rale est une r\u00e9union de tous les membres de l\u2019association. Elle est convoqu\u00e9e par le Pr\u00e9sident une fois par an. Le pr\u00e9sident convoque \u00e9galement des sessions extraordinaires \u00e0 la demande du Bureau, ou \u00e0 la demande du tiers des membres votants. L\u2019Assembl\u00e9e g\u00e9n\u00e9rale d\u00e9cide des lignes directrices [&hellip;]","og_url":"https:\/\/ento.org\/fr\/ento\/notre-structure\/","og_site_name":"Ento","article_modified_time":"2022-10-25T07:38:42+00:00","twitter_card":"summary","twitter_misc":{"Dur\u00e9e de lecture estim\u00e9e":"1 minute"},"schema":{"@context":"https:\/\/schema.org","@graph":[{"@type":"WebSite","@id":"https:\/\/ento.org\/#website","url":"https:\/\/ento.org\/","name":"Ento","description":"European Network Training Organisations for Local and Regional Authorities","potentialAction":[{"@type":"SearchAction","target":{"@type":"EntryPoint","urlTemplate":"https:\/\/ento.org\/?s={search_term_string}"},"query-input":"required name=search_term_string"}],"inLanguage":"fr-FR"},{"@type":"WebPage","@id":"https:\/\/ento.org\/fr\/ento\/notre-structure\/#webpage","url":"https:\/\/ento.org\/fr\/ento\/notre-structure\/","name":"Notre structure - Ento","isPartOf":{"@id":"https:\/\/ento.org\/#website"},"datePublished":"2017-09-14T07:35:31+00:00","dateModified":"2022-10-25T07:38:42+00:00","breadcrumb":{"@id":"https:\/\/ento.org\/fr\/ento\/notre-structure\/#breadcrumb"},"inLanguage":"fr-FR","potentialAction":[{"@type":"ReadAction","target":["https:\/\/ento.org\/fr\/ento\/notre-structure\/"]}]},{"@type":"BreadcrumbList","@id":"https:\/\/ento.org\/fr\/ento\/notre-structure\/#breadcrumb","itemListElement":[{"@type":"ListItem","position":1,"name":"Home","item":"https:\/\/ento.org\/fr\/"},{"@type":"ListItem","position":2,"name":"Ento","item":"https:\/\/ento.org\/fr\/ento\/"},{"@type":"ListItem","position":3,"name":"Notre structure"}]}]}},"_links":{"self":[{"href":"https:\/\/ento.org\/fr\/wp-json\/wp\/v2\/pages\/612"}],"collection":[{"href":"https:\/\/ento.org\/fr\/wp-json\/wp\/v2\/pages"}],"about":[{"href":"https:\/\/ento.org\/fr\/wp-json\/wp\/v2\/types\/page"}],"author":[{"embeddable":true,"href":"https:\/\/ento.org\/fr\/wp-json\/wp\/v2\/users\/8"}],"replies":[{"embeddable":true,"href":"https:\/\/ento.org\/fr\/wp-json\/wp\/v2\/comments?post=612"}],"version-history":[{"count":12,"href":"https:\/\/ento.org\/fr\/wp-json\/wp\/v2\/pages\/612\/revisions"}],"predecessor-version":[{"id":18104,"href":"https:\/\/ento.org\/fr\/wp-json\/wp\/v2\/pages\/612\/revisions\/18104"}],"up":[{"embeddable":true,"href":"https:\/\/ento.org\/fr\/wp-json\/wp\/v2\/pages\/732"}],"wp:attachment":[{"href":"https:\/\/ento.org\/fr\/wp-json\/wp\/v2\/media?parent=612"}],"curies":[{"name":"wp","href":"https:\/\/api.w.org\/{rel}","templated":true}]}}