{"id":610,"date":"2017-09-14T09:32:37","date_gmt":"2017-09-14T07:32:37","guid":{"rendered":"http:\/\/ento.org\/?page_id=610"},"modified":"2017-12-01T14:06:38","modified_gmt":"2017-12-01T13:06:38","slug":"nos-missions","status":"publish","type":"page","link":"https:\/\/ento.org\/fr\/ento\/nos-missions\/","title":{"rendered":"Nos missions"},"content":{"rendered":"<p>[vc_row][vc_column][vc_column_text]<\/p>\n<h2>Insuffler une d\u00e9mocratie locale<\/h2>\n<p>La d\u00e9mocratie locale et r\u00e9gionale est le pilier d\u2019une soci\u00e9t\u00e9 d\u00e9mocratique. Elle a donn\u00e9 lieu \u00e0 de profondes r\u00e9formes qui ont vu le jour durant ces derni\u00e8res d\u00e9cennies dans plusieurs pays europ\u00e9ens. La d\u00e9mocratie d\u00e9pend de la valeur d\u00e9mocratique, mais aussi de l\u2019efficacit\u00e9 des autorit\u00e9s \u00e0 tous les niveaux.<\/p>\n<p>Par cons\u00e9quent, la mission de l\u2019ENTO est de promouvoir une gouvernance d\u00e9mocratique et efficace en s\u2019assurant que les \u00e9lus locaux et r\u00e9gionaux sont bien form\u00e9s et qualifi\u00e9s pour prendre leurs responsabilit\u00e9s dans un monde qui change rapidement.<\/p>\n<p><strong>Travail sur les administrations publiques<\/strong><\/p>\n<p>ENTO s\u2019efforce de promotionner une meilleure d\u00e9mocratie locale, le pilier sur lequel toute d\u00e9mocratie se repose, et il est habilit\u00e9 \u00e0 entreprendre des r\u00e9formes fondamentales r\u00e9alis\u00e9es dans un bon nombre de pays europ\u00e9ens durant les ann\u00e9es pr\u00e9c\u00e9dentes, un d\u00e9veloppement qui d\u00e9pend entre autre de l\u2019efficacit\u00e9 des repr\u00e9sentants \u00e9lus \u00e0 chaque niveau.<\/p>\n<p>Il supporte donc le Conseil de l\u2019Europe et l\u2019Union Europ\u00e9ennes dans leurs efforts d\u2019augmenter la qualit\u00e9 des administrations publiques en Europe, jouant un r\u00f4le dans le programme d\u2019assistance pour les villes d\u2019Europe central et\u00a0 de l\u2019est.<\/p>\n<p>En s\u2019assurant que les autorit\u00e9s locales et r\u00e9gionales aient des agents comp\u00e9tents pour assurer leur fonction de mani\u00e8re professionnelle, loyale, et d\u00e9mocratique, ENTO rend les choses plus facile pour les autorit\u00e9s afin d\u2019assurer leurs t\u00e2ches.<\/p>\n<h2>Am\u00e9liorer le partenariat entre les autorit\u00e9s locales et r\u00e9gionales et les organismes de formation<\/h2>\n<p>ENTO favorise la coop\u00e9ration en promotionnant les discussions professionnelles, ainsi que les \u00e9changes d\u2019informations et d\u2019exp\u00e9riences entre ses membres, sp\u00e9cifiquement sur le probl\u00e8me des autorit\u00e9s locales et r\u00e9gionales et les organismes qui dispensent des formations.<\/p>\n<p>En proposant certaines activit\u00e9s, il offre l\u2019assistance et le support des autres membres. De mani\u00e8re pratique, il permet un partenariat bilat\u00e9ral ou multilat\u00e9ral pour \u00eatre efficient et rendre possible les formations des agents pour les autorit\u00e9s locales et r\u00e9gionales,\u00a0 avec des cours ou des journ\u00e9es d\u2019\u00e9tudes durant les visites, ou pour prendre part \u00e0 des visites officielles, s\u00e9minaires, ou d\u2019autres activit\u00e9s qui ont lieu dans le cadre des programmes du Conseil de l\u2019Europe ou de l\u2019Union Europ\u00e9enne.<\/p>\n<p>[\/vc_column_text][\/vc_column][\/vc_row]<\/p>\n","protected":false},"excerpt":{"rendered":"<p>[vc_row][vc_column][vc_column_text] Insuffler une d\u00e9mocratie locale La d\u00e9mocratie locale et r\u00e9gionale est le pilier d\u2019une soci\u00e9t\u00e9 d\u00e9mocratique. Elle a donn\u00e9 lieu \u00e0 de profondes r\u00e9formes qui ont vu le jour durant ces derni\u00e8res d\u00e9cennies dans plusieurs pays europ\u00e9ens. La d\u00e9mocratie d\u00e9pend de la valeur d\u00e9mocratique, mais aussi de l\u2019efficacit\u00e9 des autorit\u00e9s \u00e0 tous les niveaux. Par [&hellip;]<\/p>\n","protected":false},"author":8,"featured_media":0,"parent":732,"menu_order":0,"comment_status":"closed","ping_status":"closed","template":"","meta":{"ngg_post_thumbnail":0},"acf":[],"yoast_head":"<!-- This site is optimized with the Yoast SEO plugin v18.1 - https:\/\/yoast.com\/wordpress\/plugins\/seo\/ -->\n<title>Nos missions - Ento<\/title>\n<meta name=\"robots\" content=\"index, follow, max-snippet:-1, max-image-preview:large, max-video-preview:-1\" \/>\n<link rel=\"canonical\" href=\"https:\/\/ento.org\/fr\/ento\/nos-missions\/\" \/>\n<meta property=\"og:locale\" content=\"fr_FR\" \/>\n<meta property=\"og:type\" content=\"article\" \/>\n<meta property=\"og:title\" content=\"Nos missions - Ento\" \/>\n<meta property=\"og:description\" content=\"[vc_row][vc_column][vc_column_text] Insuffler une d\u00e9mocratie locale La d\u00e9mocratie locale et r\u00e9gionale est le pilier d\u2019une soci\u00e9t\u00e9 d\u00e9mocratique. Elle a donn\u00e9 lieu \u00e0 de profondes r\u00e9formes qui ont vu le jour durant ces derni\u00e8res d\u00e9cennies dans plusieurs pays europ\u00e9ens. La d\u00e9mocratie d\u00e9pend de la valeur d\u00e9mocratique, mais aussi de l\u2019efficacit\u00e9 des autorit\u00e9s \u00e0 tous les niveaux. Par [&hellip;]\" \/>\n<meta property=\"og:url\" content=\"https:\/\/ento.org\/fr\/ento\/nos-missions\/\" \/>\n<meta property=\"og:site_name\" content=\"Ento\" \/>\n<meta property=\"article:modified_time\" content=\"2017-12-01T13:06:38+00:00\" \/>\n<meta name=\"twitter:card\" content=\"summary\" \/>\n<meta name=\"twitter:label1\" content=\"Dur\u00e9e de lecture estim\u00e9e\" \/>\n\t<meta name=\"twitter:data1\" content=\"2 minutes\" \/>\n<script type=\"application\/ld+json\" class=\"yoast-schema-graph\">{\"@context\":\"https:\/\/schema.org\",\"@graph\":[{\"@type\":\"WebSite\",\"@id\":\"https:\/\/ento.org\/#website\",\"url\":\"https:\/\/ento.org\/\",\"name\":\"Ento\",\"description\":\"European Network Training Organisations for Local and Regional Authorities\",\"potentialAction\":[{\"@type\":\"SearchAction\",\"target\":{\"@type\":\"EntryPoint\",\"urlTemplate\":\"https:\/\/ento.org\/?s={search_term_string}\"},\"query-input\":\"required name=search_term_string\"}],\"inLanguage\":\"fr-FR\"},{\"@type\":\"WebPage\",\"@id\":\"https:\/\/ento.org\/fr\/ento\/nos-missions\/#webpage\",\"url\":\"https:\/\/ento.org\/fr\/ento\/nos-missions\/\",\"name\":\"Nos missions - Ento\",\"isPartOf\":{\"@id\":\"https:\/\/ento.org\/#website\"},\"datePublished\":\"2017-09-14T07:32:37+00:00\",\"dateModified\":\"2017-12-01T13:06:38+00:00\",\"breadcrumb\":{\"@id\":\"https:\/\/ento.org\/fr\/ento\/nos-missions\/#breadcrumb\"},\"inLanguage\":\"fr-FR\",\"potentialAction\":[{\"@type\":\"ReadAction\",\"target\":[\"https:\/\/ento.org\/fr\/ento\/nos-missions\/\"]}]},{\"@type\":\"BreadcrumbList\",\"@id\":\"https:\/\/ento.org\/fr\/ento\/nos-missions\/#breadcrumb\",\"itemListElement\":[{\"@type\":\"ListItem\",\"position\":1,\"name\":\"Home\",\"item\":\"https:\/\/ento.org\/fr\/\"},{\"@type\":\"ListItem\",\"position\":2,\"name\":\"Ento\",\"item\":\"https:\/\/ento.org\/fr\/ento\/\"},{\"@type\":\"ListItem\",\"position\":3,\"name\":\"Nos missions\"}]}]}<\/script>\n<!-- \/ Yoast SEO plugin. -->","yoast_head_json":{"title":"Nos missions - Ento","robots":{"index":"index","follow":"follow","max-snippet":"max-snippet:-1","max-image-preview":"max-image-preview:large","max-video-preview":"max-video-preview:-1"},"canonical":"https:\/\/ento.org\/fr\/ento\/nos-missions\/","og_locale":"fr_FR","og_type":"article","og_title":"Nos missions - Ento","og_description":"[vc_row][vc_column][vc_column_text] Insuffler une d\u00e9mocratie locale La d\u00e9mocratie locale et r\u00e9gionale est le pilier d\u2019une soci\u00e9t\u00e9 d\u00e9mocratique. Elle a donn\u00e9 lieu \u00e0 de profondes r\u00e9formes qui ont vu le jour durant ces derni\u00e8res d\u00e9cennies dans plusieurs pays europ\u00e9ens. La d\u00e9mocratie d\u00e9pend de la valeur d\u00e9mocratique, mais aussi de l\u2019efficacit\u00e9 des autorit\u00e9s \u00e0 tous les niveaux. Par [&hellip;]","og_url":"https:\/\/ento.org\/fr\/ento\/nos-missions\/","og_site_name":"Ento","article_modified_time":"2017-12-01T13:06:38+00:00","twitter_card":"summary","twitter_misc":{"Dur\u00e9e de lecture estim\u00e9e":"2 minutes"},"schema":{"@context":"https:\/\/schema.org","@graph":[{"@type":"WebSite","@id":"https:\/\/ento.org\/#website","url":"https:\/\/ento.org\/","name":"Ento","description":"European Network Training Organisations for Local and Regional Authorities","potentialAction":[{"@type":"SearchAction","target":{"@type":"EntryPoint","urlTemplate":"https:\/\/ento.org\/?s={search_term_string}"},"query-input":"required name=search_term_string"}],"inLanguage":"fr-FR"},{"@type":"WebPage","@id":"https:\/\/ento.org\/fr\/ento\/nos-missions\/#webpage","url":"https:\/\/ento.org\/fr\/ento\/nos-missions\/","name":"Nos missions - Ento","isPartOf":{"@id":"https:\/\/ento.org\/#website"},"datePublished":"2017-09-14T07:32:37+00:00","dateModified":"2017-12-01T13:06:38+00:00","breadcrumb":{"@id":"https:\/\/ento.org\/fr\/ento\/nos-missions\/#breadcrumb"},"inLanguage":"fr-FR","potentialAction":[{"@type":"ReadAction","target":["https:\/\/ento.org\/fr\/ento\/nos-missions\/"]}]},{"@type":"BreadcrumbList","@id":"https:\/\/ento.org\/fr\/ento\/nos-missions\/#breadcrumb","itemListElement":[{"@type":"ListItem","position":1,"name":"Home","item":"https:\/\/ento.org\/fr\/"},{"@type":"ListItem","position":2,"name":"Ento","item":"https:\/\/ento.org\/fr\/ento\/"},{"@type":"ListItem","position":3,"name":"Nos missions"}]}]}},"_links":{"self":[{"href":"https:\/\/ento.org\/fr\/wp-json\/wp\/v2\/pages\/610"}],"collection":[{"href":"https:\/\/ento.org\/fr\/wp-json\/wp\/v2\/pages"}],"about":[{"href":"https:\/\/ento.org\/fr\/wp-json\/wp\/v2\/types\/page"}],"author":[{"embeddable":true,"href":"https:\/\/ento.org\/fr\/wp-json\/wp\/v2\/users\/8"}],"replies":[{"embeddable":true,"href":"https:\/\/ento.org\/fr\/wp-json\/wp\/v2\/comments?post=610"}],"version-history":[{"count":1,"href":"https:\/\/ento.org\/fr\/wp-json\/wp\/v2\/pages\/610\/revisions"}],"predecessor-version":[{"id":611,"href":"https:\/\/ento.org\/fr\/wp-json\/wp\/v2\/pages\/610\/revisions\/611"}],"up":[{"embeddable":true,"href":"https:\/\/ento.org\/fr\/wp-json\/wp\/v2\/pages\/732"}],"wp:attachment":[{"href":"https:\/\/ento.org\/fr\/wp-json\/wp\/v2\/media?parent=610"}],"curies":[{"name":"wp","href":"https:\/\/api.w.org\/{rel}","templated":true}]}}