{"id":4,"date":"2017-05-10T11:03:42","date_gmt":"2017-05-10T09:03:42","guid":{"rendered":"http:\/\/ento.org\/?page_id=4"},"modified":"2022-03-07T08:41:17","modified_gmt":"2022-03-07T07:41:17","slug":"home","status":"publish","type":"page","link":"https:\/\/ento.org\/fr\/","title":{"rendered":"Home"},"content":{"rendered":"<p>[vc_row content_placement=\u00a0\u00bbtop\u00a0\u00bb][vc_column css=\u00a0\u00bb.vc_custom_1499349278585{margin-right: 5px !important;}\u00a0\u00bb]<h1 class=\"titre_actu\">Actualit\u00e9s<\/h1><div class=\"actu\"><span class=\"date\">12\/03\/2026<\/span><h2>Rejoignez la direction d&rsquo;ENTO<\/h2><div class=\"extrait\">Le R\u00e9seau europ\u00e9en des organismes de formation (ENTO) souhaite renforcer son r\u00f4le de r\u00e9f\u00e9rence dynamique et de premier plan en mati\u00e8re de d\u00e9mocratie locale et de formation en Europe. Afin de redynamiser sa vie communautaire et d&rsquo;\u00e9largir sa base de membres, l&rsquo;ENTO lance un appel \u00e0 manifestation d&rsquo;int\u00e9r\u00eat pour un poste de responsable communautaire ou [&hellip;]<\/div><a href=\"https:\/\/ento.org\/fr\/rejoignez-la-direction-dento\/\" class=\"btn btn-default lien\">PLUS D'INFOS<\/a><\/div><div class=\"actu\"><span class=\"date\">02\/10\/2024<\/span><h2>2024 ASSEMBL\u00c9E G\u00c9N\u00c9RALE DE L&rsquo;ENTO &#038; STUDYLAB &#8211; AGRESSIVIT\u00c9 ACCRUE DES CITOYENS \u00c0 L&rsquo;\u00c9GARD DES FONCTIONNAIRES : COMMENT Y FAIRE FACE ? &#8211; PRAHA<\/h2><div class=\"extrait\">Chers membres d&rsquo;ENTO, Nous avons le plaisir de vous inviter \u00e0 la prochaine assembl\u00e9e g\u00e9n\u00e9rale et au prochain StudyLab qui se tiendront les 14 et 15 novembre 2024 \u00e0 Prague, en R\u00e9publique tch\u00e8que. L&rsquo;Assembl\u00e9e g\u00e9n\u00e9rale sera l&rsquo;occasion de discuter de la relance de l&rsquo;association dans les ann\u00e9es \u00e0 venir : nouvelles r\u00e8gles, nouvelles activit\u00e9s, nouveaux [&hellip;]<\/div><a href=\"https:\/\/ento.org\/fr\/2024-assemblee-generale-de-lento-studylab-agressivite-accrue-des-citoyens-a-legard-des-fonctionnaires-comment-y-faire-face-praha\/\" class=\"btn btn-default lien\">PLUS D'INFOS<\/a><\/div><div class=\"actu\"><span class=\"date\">28\/07\/2023<\/span><h2>PROCHAINE ASSEMBLEE GENERALE &#8211; ARMENIE<\/h2><div class=\"extrait\">Chers membres de l&rsquo;ENTO, Nous sommes heureux de vous inviter \u00e0 la prochaine Assembl\u00e9e g\u00e9n\u00e9rale de l&rsquo;ENTO qui se tiendra du 9 au 14 octobre 2023, \u00e0 Erevan et Goris, en Arm\u00e9nie. Dans la continuit\u00e9 des StudyLab Talks \u00ab G\u00e9rer les villes en temps de crise \u2013 Exp\u00e9rience ukrainienne \u00bb organis\u00e9s le 6 juillet 2023, [&hellip;]<\/div><a href=\"https:\/\/ento.org\/fr\/prochaine-assemblee-generale-armenie\/\" class=\"btn btn-default lien\">PLUS D'INFOS<\/a><\/div>[\/vc_column][\/vc_row][vc_row css=\u00a0\u00bb.vc_custom_1499087890598{margin-top: 50px !important;margin-bottom: 15px !important;}\u00a0\u00bb][vc_column][vc_separator color=\u00a0\u00bbcustom\u00a0\u00bb border_width=\u00a0\u00bb2&Prime; accent_color=\u00a0\u00bb#c1cbd7&Prime;][\/vc_column][\/vc_row][vc_row gap=\u00a0\u00bb5&Prime;][vc_column][vc_column_text css=\u00a0\u00bb.vc_custom_1524742316201{margin-bottom: 5px !important;}\u00a0\u00bb]<\/p>\n<h1><img loading=\"lazy\" class=\"size-full wp-image-120 alignleft\" src=\"http:\/\/ento.org\/wp-content\/uploads\/2017\/05\/picto_newsletters.png\" alt=\"Newsletter\" width=\"41\" height=\"43\">Newsletters<\/h1>\n<p>La Newsletter de l\u2019ENTO est une courte publication qui contient des informations sp\u00e9cifiques \u00e0 propos de l\u2019organisation de l\u2019ENTO et de ses activit\u00e9s.<\/p>\n<p><span class=\"texte_bleu police_hind\"><strong>S&rsquo;abonner<\/strong><\/span><\/p>\n<div role=\"form\" class=\"wpcf7\" id=\"wpcf7-f17972-o1\" lang=\"fr-FR\" dir=\"ltr\">\n<div class=\"screen-reader-response\"><p role=\"status\" aria-live=\"polite\" aria-atomic=\"true\"><\/p> <ul><\/ul><\/div>\n<form action=\"\/fr\/wp-json\/wp\/v2\/pages\/4#wpcf7-f17972-o1\" method=\"post\" class=\"wpcf7-form init\" novalidate=\"novalidate\" data-status=\"init\">\n<div style=\"display: none;\">\n<input type=\"hidden\" name=\"_wpcf7\" value=\"17972\" \/>\n<input type=\"hidden\" name=\"_wpcf7_version\" value=\"5.5.4\" \/>\n<input type=\"hidden\" name=\"_wpcf7_locale\" value=\"fr_FR\" \/>\n<input type=\"hidden\" name=\"_wpcf7_unit_tag\" value=\"wpcf7-f17972-o1\" \/>\n<input type=\"hidden\" name=\"_wpcf7_container_post\" value=\"0\" \/>\n<input type=\"hidden\" name=\"_wpcf7_posted_data_hash\" value=\"\" \/>\n<input type=\"hidden\" name=\"_wpcf7cf_hidden_group_fields\" value=\"\" \/>\n<input type=\"hidden\" name=\"_wpcf7cf_hidden_groups\" value=\"\" \/>\n<input type=\"hidden\" name=\"_wpcf7cf_visible_groups\" value=\"\" \/>\n<input type=\"hidden\" name=\"_wpcf7cf_repeaters\" value=\"[]\" \/>\n<input type=\"hidden\" name=\"_wpcf7cf_steps\" value=\"{}\" \/>\n<input type=\"hidden\" name=\"_wpcf7cf_options\" value=\"{&quot;form_id&quot;:17972,&quot;conditions&quot;:[],&quot;settings&quot;:{&quot;animation&quot;:&quot;yes&quot;,&quot;animation_intime&quot;:200,&quot;animation_outtime&quot;:200,&quot;conditions_ui&quot;:&quot;normal&quot;,&quot;notice_dismissed&quot;:false}}\" \/>\n<input type=\"hidden\" name=\"_wpcf7_recaptcha_response\" value=\"\" \/>\n<\/div>\n<div class=\"row\">\n<div class=\"col-lg-6 col-xs-12 news-item-field\"><span class=\"wpcf7-form-control-wrap LNAME\"><input type=\"text\" name=\"LNAME\" value=\"\" size=\"40\" class=\"wpcf7-form-control wpcf7-text wpcf7-validates-as-required form-control\" aria-required=\"true\" aria-invalid=\"false\" placeholder=\"Nom\" \/><\/span><\/div>\n<div class=\"col-lg-6 col-xs-12 news-item-field\"><span class=\"wpcf7-form-control-wrap EMAIL\"><input type=\"email\" name=\"EMAIL\" value=\"\" size=\"40\" class=\"wpcf7-form-control wpcf7-text wpcf7-email wpcf7-validates-as-required wpcf7-validates-as-email form-control\" aria-required=\"true\" aria-invalid=\"false\" placeholder=\"E-mail\" \/><\/span><\/div>\n<div class=\"col-lg-12 col-sm-12\" style=\"display:none\"><!-- Mailchimp for WordPress v4.8.6 - https:\/\/www.mc4wp.com\/ --><input type=\"hidden\" name=\"_mc4wp_subscribe_contact-form-7\" value=\"0\" \/><span class=\" mc4wp-checkbox mc4wp-checkbox-contact-form-7\" ><label><input type=\"checkbox\" name=\"_mc4wp_subscribe_contact-form-7\" value=\"1\" checked=\"checked\" \/><span> Sign up to receive our newsletter !<\/span><\/label><\/span><!-- \/ Mailchimp for WordPress --><\/div>\n<p><br\/><br \/>\n<span class=\"wpcf7-form-control-wrap acceptance-817\"><span class=\"wpcf7-form-control wpcf7-acceptance\"><span class=\"wpcf7-list-item\"><label><input type=\"checkbox\" name=\"acceptance-817\" value=\"1\" aria-invalid=\"false\" \/><span class=\"wpcf7-list-item-label\">J'accepte les clauses relatives \u00e0 la <a href=\"https:\/\/evenements.crf.wallonie.be\/module-gdpr-page-protection-des-donn-es-et-conditions-dutilisation.html\" target=\"_blank\">Protection des donn\u00e9es<\/a> ainsi que <a href=\"https:\/\/evenements.crf.wallonie.be\/module-gdpr-page-protection-des-donn-es-et-conditions-dutilisation.html\" target=\"_blank\">les Conditions g\u00e9n\u00e9rales d'Utilisation<\/a><\/span><\/label><\/span><\/span><\/span><\/p>\n<div class=\"col-lg-12\"><div class=\"g-recaptcha\">Ce site est prot\u00e9g\u00e9 par <a href=\"https:\/\/policies.google.com\/privacy\" target=\"_blank\">reCAPTCHA<\/a><\/div><\/div>\n<div class=\"col-lg-12\">\n<p><input type=\"submit\" value=\"Sign up\" class=\"wpcf7-form-control has-spinner wpcf7-submit btn btn-default btn-block\" \/><\/p>\n<\/div>\n<\/div>\n<div class=\"wpcf7-response-output\" aria-hidden=\"true\"><\/div><\/form><\/div>\n<p>[\/vc_column_text][vc_column_text el_class=\u00a0\u00bbactu\u00a0\u00bb]<\/p>\n<p>[\/vc_column_text][\/vc_column][\/vc_row][vc_row css=\u00a0\u00bb.vc_custom_1499087876160{margin-top: 50px !important;margin-bottom: 15px !important;}\u00a0\u00bb][vc_column][vc_separator color=\u00a0\u00bbcustom\u00a0\u00bb border_width=\u00a0\u00bb2&Prime; accent_color=\u00a0\u00bb#c1cbd7&Prime;][\/vc_column][\/vc_row][vc_row][vc_column][vc_column_text css=\u00a0\u00bb.vc_custom_1499353716736{margin-bottom: 4px !important;}\u00a0\u00bb]<\/p>\n<p>[\/vc_column_text][vc_row_inner][vc_column_inner width=\u00a0\u00bb1\/3&Prime;][vc_column_text]<\/p>\n<h2>Le Conseil de l\u2019Europe<\/h2>\n<p>Lors du Congr\u00e8s des autorit\u00e9s locales et r\u00e9gionales de l\u2019Europe en 1994, le Conseil de l\u2019Europe a \u00e9tabli le Congr\u00e8s des autorit\u00e9s<\/p>\n<p>It might be beneficial to find some insight into all essay shredding systems. Then it&rsquo;s recommended that you devote the remainder of the time proofreading it to be sure that the article is plausible. You will require advice about creating essays you are likely to be aided <a href=\"https:\/\/www.masterpapers.com\/\">best essay writing service<\/a> by us! Last words of guidance are that you need to go for old SAT essays sample to assess which type of essays ought to be composed for SAT and you may also pick on the books that are especially published for the student to get ready for the SAT papers. If you need help you may discover it! There are many ways where in you can acquire appropriate college essay help. Hopefully, you could come across a few tips that you think can help you improve your essay writing skills. Regardless of the fact that the essay is vital facets of the college<\/p>\n<p>The order will also incorporate a dedicated cover page which comprises some internal notes together with the citation you may use if referencing it for your own work. As a consequence from using our services, you will be <a href=\"https:\/\/papernow.org\/\">essay help<\/a> given a custom-written paper you&rsquo;ll be able to use for your own purposes. It&rsquo;s clear that you&rsquo;re trying to find the essay writing help. If you&rsquo;ve been disappointed by other essay writing services before, we&rsquo;re here to change all that for you. Everyone knows it will not locate the appropriate buy college essay in 4 hours information.<\/p>\n<p>application are vital.<\/p>\n<p>locales et r\u00e9gionales (CRAE) comme organe consultatif pour remplacer l\u2019ancienne Conf\u00e9rence permanente des autorit\u00e9s locales et r\u00e9gionales. Le Congr\u00e8s aide les nouveaux membres sur les aspects pratiques de leurs progr\u00e8s \u00e0 travers l\u2019\u00e9tablissement effectif du Gouvernement local et r\u00e9gional. L\u2019Ento jouit d\u2019un partenariat privil\u00e9gi\u00e9 avec le CLRAE, en prodiguant un support sur son programme d\u2019assistance en regard avec la formation des agents et des \u00e9lus locaux et r\u00e9gionaux.. [\/vc_column_text][vc_btn title=\u00a0\u00bbLire plus\u00a0\u00bb link=\u00a0\u00bburl:http%3A%2F%2Fwww.coe.int%2Fen%2Fweb%2Fportal%2Fhome||target:%20_blank|\u00a0\u00bb][\/vc_column_inner][vc_column_inner width=\u00a0\u00bb1\/3&Prime;][vc_column_text]<\/p>\n<h2 class=\"r\">Congr\u00e8s des pouvoirs locaux et r\u00e9gionaux du Conseil de l&rsquo;Europe<\/h2>\n<p>Le Conseil de l\u2019Europe est une organisation intergouvernementale, qui a pour but la protection des droits humains, la d\u00e9mocratie pluraliste et les r\u00e8gles de lois. Cr\u00e9\u00e9 le 5 mars 1949 par 10 \u00e9tats membres, le Conseil de l\u2019Europe a maintenant 47 pays membres.<\/p>\n<p>Le Conseil de l\u2019Europe ne doit pas \u00eatre confondu avec l\u2019Union Europ\u00e9enne. Les deux organisations sont totalement distinctes. Les 27 \u00e9tats membres, quoiqu\u2019il en soit, sont tous membre du Conseil de l\u2019Europe.<\/p>\n<p>Le Palais de l\u2019Europe \u00e0 Strasbourg est le si\u00e8ge du Conseil de l\u2019Europe.<\/p>\n<p>[\/vc_column_text][vc_btn title=\u00a0\u00bbLire plus\u00a0\u00bb link=\u00a0\u00bburl:http%3A%2F%2Fwww.coe.int%2Ft%2Fcongress%2Fdefault_en.asp||target:%20_blank|\u00a0\u00bb][\/vc_column_inner][vc_column_inner width=\u00a0\u00bb1\/3&Prime;][vc_column_text]<\/p>\n<h2>Le Centre europ\u00e9en pour le d\u00e9veloppement de la formation professionnelle&nbsp;(CEDEFOP)<\/h2>\n<p>La mission du Cedefop est de soutenir le d\u00e9veloppement des politiques europ\u00e9ennes d\u2019EFP et de contribuer \u00e0 leur impl\u00e9mentation.<\/p>\n<p>L\u2019objectif strat\u00e9gique du Cedefop est de renforcer la coop\u00e9ration europ\u00e9enne et d\u2019impl\u00e9menter des politiques pour des EFP attractifs qui promotionnent l\u2019excellence et l\u2019inclusion sociale.<\/p>\n<p>[\/vc_column_text][vc_btn title=\u00a0\u00bbLire plus\u00a0\u00bb link=\u00a0\u00bburl:http%3A%2F%2Fwww.cedefop.europa.eu%2Fen||target:%20_blank|\u00a0\u00bb][\/vc_column_inner][\/vc_row_inner][\/vc_column][\/vc_row]<\/p>\n","protected":false},"excerpt":{"rendered":"<p>[vc_row content_placement=\u00a0\u00bbtop\u00a0\u00bb][vc_column css=\u00a0\u00bb.vc_custom_1499349278585{margin-right: 5px !important;}\u00a0\u00bb][\/vc_column][\/vc_row][vc_row css=\u00a0\u00bb.vc_custom_1499087890598{margin-top: 50px !important;margin-bottom: 15px !important;}\u00a0\u00bb][vc_column][vc_separator color=\u00a0\u00bbcustom\u00a0\u00bb border_width=\u00a0\u00bb2&Prime; accent_color=\u00a0\u00bb#c1cbd7&Prime;][\/vc_column][\/vc_row][vc_row gap=\u00a0\u00bb5&Prime;][vc_column][vc_column_text css=\u00a0\u00bb.vc_custom_1524742316201{margin-bottom: 5px !important;}\u00a0\u00bb] Newsletters La Newsletter de l\u2019ENTO est une courte publication qui contient des informations sp\u00e9cifiques \u00e0 propos de l\u2019organisation de l\u2019ENTO et de ses activit\u00e9s. S&rsquo;abonner [\/vc_column_text][vc_column_text el_class=\u00a0\u00bbactu\u00a0\u00bb] [\/vc_column_text][\/vc_column][\/vc_row][vc_row css=\u00a0\u00bb.vc_custom_1499087876160{margin-top: 50px !important;margin-bottom: 15px !important;}\u00a0\u00bb][vc_column][vc_separator color=\u00a0\u00bbcustom\u00a0\u00bb border_width=\u00a0\u00bb2&Prime; accent_color=\u00a0\u00bb#c1cbd7&Prime;][\/vc_column][\/vc_row][vc_row][vc_column][vc_column_text css=\u00a0\u00bb.vc_custom_1499353716736{margin-bottom: 4px [&hellip;]<\/p>\n","protected":false},"author":1,"featured_media":0,"parent":0,"menu_order":0,"comment_status":"closed","ping_status":"closed","template":"page-template\/page-home.php","meta":{"ngg_post_thumbnail":0},"acf":[],"yoast_head":"<!-- This site is optimized with the Yoast SEO plugin v18.1 - https:\/\/yoast.com\/wordpress\/plugins\/seo\/ -->\n<title>Home - Ento<\/title>\n<meta name=\"robots\" content=\"index, follow, max-snippet:-1, max-image-preview:large, max-video-preview:-1\" \/>\n<link rel=\"canonical\" href=\"https:\/\/ento.org\/fr\/\" \/>\n<meta property=\"og:locale\" content=\"fr_FR\" \/>\n<meta property=\"og:type\" content=\"article\" \/>\n<meta property=\"og:title\" content=\"Home - Ento\" \/>\n<meta property=\"og:description\" content=\"[vc_row content_placement=\u00a0\u00bbtop\u00a0\u00bb][vc_column css=\u00a0\u00bb.vc_custom_1499349278585{margin-right: 5px !important;}\u00a0\u00bb][\/vc_column][\/vc_row][vc_row css=\u00a0\u00bb.vc_custom_1499087890598{margin-top: 50px !important;margin-bottom: 15px !important;}\u00a0\u00bb][vc_column][vc_separator color=\u00a0\u00bbcustom\u00a0\u00bb border_width=\u00a0\u00bb2&Prime; accent_color=\u00a0\u00bb#c1cbd7&Prime;][\/vc_column][\/vc_row][vc_row gap=\u00a0\u00bb5&Prime;][vc_column][vc_column_text css=\u00a0\u00bb.vc_custom_1524742316201{margin-bottom: 5px !important;}\u00a0\u00bb] Newsletters La Newsletter de l\u2019ENTO est une courte publication qui contient des informations sp\u00e9cifiques \u00e0 propos de l\u2019organisation de l\u2019ENTO et de ses activit\u00e9s. S&rsquo;abonner [\/vc_column_text][vc_column_text el_class=\u00a0\u00bbactu\u00a0\u00bb] [\/vc_column_text][\/vc_column][\/vc_row][vc_row css=\u00a0\u00bb.vc_custom_1499087876160{margin-top: 50px !important;margin-bottom: 15px !important;}\u00a0\u00bb][vc_column][vc_separator color=\u00a0\u00bbcustom\u00a0\u00bb border_width=\u00a0\u00bb2&Prime; accent_color=\u00a0\u00bb#c1cbd7&Prime;][\/vc_column][\/vc_row][vc_row][vc_column][vc_column_text css=\u00a0\u00bb.vc_custom_1499353716736{margin-bottom: 4px [&hellip;]\" \/>\n<meta property=\"og:url\" content=\"https:\/\/ento.org\/fr\/\" \/>\n<meta property=\"og:site_name\" content=\"Ento\" \/>\n<meta property=\"article:modified_time\" content=\"2022-03-07T07:41:17+00:00\" \/>\n<meta property=\"og:image\" content=\"http:\/\/ento.org\/wp-content\/uploads\/2017\/05\/picto_newsletters.png\" \/>\n<meta name=\"twitter:card\" content=\"summary\" \/>\n<meta name=\"twitter:label1\" content=\"Dur\u00e9e de lecture estim\u00e9e\" \/>\n\t<meta name=\"twitter:data1\" content=\"4 minutes\" \/>\n<script type=\"application\/ld+json\" class=\"yoast-schema-graph\">{\"@context\":\"https:\/\/schema.org\",\"@graph\":[{\"@type\":\"WebSite\",\"@id\":\"https:\/\/ento.org\/#website\",\"url\":\"https:\/\/ento.org\/\",\"name\":\"Ento\",\"description\":\"European Network Training Organisations for Local and Regional Authorities\",\"potentialAction\":[{\"@type\":\"SearchAction\",\"target\":{\"@type\":\"EntryPoint\",\"urlTemplate\":\"https:\/\/ento.org\/?s={search_term_string}\"},\"query-input\":\"required name=search_term_string\"}],\"inLanguage\":\"fr-FR\"},{\"@type\":\"ImageObject\",\"@id\":\"https:\/\/ento.org\/fr\/#primaryimage\",\"inLanguage\":\"fr-FR\",\"url\":\"http:\/\/ento.org\/wp-content\/uploads\/2017\/05\/picto_newsletters.png\",\"contentUrl\":\"http:\/\/ento.org\/wp-content\/uploads\/2017\/05\/picto_newsletters.png\"},{\"@type\":\"WebPage\",\"@id\":\"https:\/\/ento.org\/fr\/#webpage\",\"url\":\"https:\/\/ento.org\/fr\/\",\"name\":\"Home - Ento\",\"isPartOf\":{\"@id\":\"https:\/\/ento.org\/#website\"},\"primaryImageOfPage\":{\"@id\":\"https:\/\/ento.org\/fr\/#primaryimage\"},\"datePublished\":\"2017-05-10T09:03:42+00:00\",\"dateModified\":\"2022-03-07T07:41:17+00:00\",\"breadcrumb\":{\"@id\":\"https:\/\/ento.org\/fr\/#breadcrumb\"},\"inLanguage\":\"fr-FR\",\"potentialAction\":[{\"@type\":\"ReadAction\",\"target\":[\"https:\/\/ento.org\/fr\/\"]}]},{\"@type\":\"BreadcrumbList\",\"@id\":\"https:\/\/ento.org\/fr\/#breadcrumb\",\"itemListElement\":[{\"@type\":\"ListItem\",\"position\":1,\"name\":\"Home\",\"item\":\"https:\/\/ento.org\/fr\/\"},{\"@type\":\"ListItem\",\"position\":2,\"name\":\"Home\"}]}]}<\/script>\n<!-- \/ Yoast SEO plugin. -->","yoast_head_json":{"title":"Home - Ento","robots":{"index":"index","follow":"follow","max-snippet":"max-snippet:-1","max-image-preview":"max-image-preview:large","max-video-preview":"max-video-preview:-1"},"canonical":"https:\/\/ento.org\/fr\/","og_locale":"fr_FR","og_type":"article","og_title":"Home - Ento","og_description":"[vc_row content_placement=\u00a0\u00bbtop\u00a0\u00bb][vc_column css=\u00a0\u00bb.vc_custom_1499349278585{margin-right: 5px !important;}\u00a0\u00bb][\/vc_column][\/vc_row][vc_row css=\u00a0\u00bb.vc_custom_1499087890598{margin-top: 50px !important;margin-bottom: 15px !important;}\u00a0\u00bb][vc_column][vc_separator color=\u00a0\u00bbcustom\u00a0\u00bb border_width=\u00a0\u00bb2&Prime; accent_color=\u00a0\u00bb#c1cbd7&Prime;][\/vc_column][\/vc_row][vc_row gap=\u00a0\u00bb5&Prime;][vc_column][vc_column_text css=\u00a0\u00bb.vc_custom_1524742316201{margin-bottom: 5px !important;}\u00a0\u00bb] Newsletters La Newsletter de l\u2019ENTO est une courte publication qui contient des informations sp\u00e9cifiques \u00e0 propos de l\u2019organisation de l\u2019ENTO et de ses activit\u00e9s. S&rsquo;abonner [\/vc_column_text][vc_column_text el_class=\u00a0\u00bbactu\u00a0\u00bb] [\/vc_column_text][\/vc_column][\/vc_row][vc_row css=\u00a0\u00bb.vc_custom_1499087876160{margin-top: 50px !important;margin-bottom: 15px !important;}\u00a0\u00bb][vc_column][vc_separator color=\u00a0\u00bbcustom\u00a0\u00bb border_width=\u00a0\u00bb2&Prime; accent_color=\u00a0\u00bb#c1cbd7&Prime;][\/vc_column][\/vc_row][vc_row][vc_column][vc_column_text css=\u00a0\u00bb.vc_custom_1499353716736{margin-bottom: 4px [&hellip;]","og_url":"https:\/\/ento.org\/fr\/","og_site_name":"Ento","article_modified_time":"2022-03-07T07:41:17+00:00","og_image":[{"url":"http:\/\/ento.org\/wp-content\/uploads\/2017\/05\/picto_newsletters.png"}],"twitter_card":"summary","twitter_misc":{"Dur\u00e9e de lecture estim\u00e9e":"4 minutes"},"schema":{"@context":"https:\/\/schema.org","@graph":[{"@type":"WebSite","@id":"https:\/\/ento.org\/#website","url":"https:\/\/ento.org\/","name":"Ento","description":"European Network Training Organisations for Local and Regional Authorities","potentialAction":[{"@type":"SearchAction","target":{"@type":"EntryPoint","urlTemplate":"https:\/\/ento.org\/?s={search_term_string}"},"query-input":"required name=search_term_string"}],"inLanguage":"fr-FR"},{"@type":"ImageObject","@id":"https:\/\/ento.org\/fr\/#primaryimage","inLanguage":"fr-FR","url":"http:\/\/ento.org\/wp-content\/uploads\/2017\/05\/picto_newsletters.png","contentUrl":"http:\/\/ento.org\/wp-content\/uploads\/2017\/05\/picto_newsletters.png"},{"@type":"WebPage","@id":"https:\/\/ento.org\/fr\/#webpage","url":"https:\/\/ento.org\/fr\/","name":"Home - Ento","isPartOf":{"@id":"https:\/\/ento.org\/#website"},"primaryImageOfPage":{"@id":"https:\/\/ento.org\/fr\/#primaryimage"},"datePublished":"2017-05-10T09:03:42+00:00","dateModified":"2022-03-07T07:41:17+00:00","breadcrumb":{"@id":"https:\/\/ento.org\/fr\/#breadcrumb"},"inLanguage":"fr-FR","potentialAction":[{"@type":"ReadAction","target":["https:\/\/ento.org\/fr\/"]}]},{"@type":"BreadcrumbList","@id":"https:\/\/ento.org\/fr\/#breadcrumb","itemListElement":[{"@type":"ListItem","position":1,"name":"Home","item":"https:\/\/ento.org\/fr\/"},{"@type":"ListItem","position":2,"name":"Home"}]}]}},"_links":{"self":[{"href":"https:\/\/ento.org\/fr\/wp-json\/wp\/v2\/pages\/4"}],"collection":[{"href":"https:\/\/ento.org\/fr\/wp-json\/wp\/v2\/pages"}],"about":[{"href":"https:\/\/ento.org\/fr\/wp-json\/wp\/v2\/types\/page"}],"author":[{"embeddable":true,"href":"https:\/\/ento.org\/fr\/wp-json\/wp\/v2\/users\/1"}],"replies":[{"embeddable":true,"href":"https:\/\/ento.org\/fr\/wp-json\/wp\/v2\/comments?post=4"}],"version-history":[{"count":52,"href":"https:\/\/ento.org\/fr\/wp-json\/wp\/v2\/pages\/4\/revisions"}],"predecessor-version":[{"id":18027,"href":"https:\/\/ento.org\/fr\/wp-json\/wp\/v2\/pages\/4\/revisions\/18027"}],"wp:attachment":[{"href":"https:\/\/ento.org\/fr\/wp-json\/wp\/v2\/media?parent=4"}],"curies":[{"name":"wp","href":"https:\/\/api.w.org\/{rel}","templated":true}]}}