{"id":18073,"date":"2022-09-12T15:21:17","date_gmt":"2022-09-12T13:21:17","guid":{"rendered":"https:\/\/ento.org\/?page_id=18073"},"modified":"2022-09-12T15:23:11","modified_gmt":"2022-09-12T13:23:11","slug":"study-labs","status":"publish","type":"page","link":"https:\/\/ento.org\/fr\/study-labs\/","title":{"rendered":"Study Labs"},"content":{"rendered":"\n<p id=\"tw-target-text\" class=\"tw-data-text tw-text-large tw-ta\" dir=\"ltr\" data-placeholder=\"Traduction\"><span class=\"Y2IQFc\" lang=\"fr\">Lanc\u00e9s pour la premi\u00e8re fois en 2018, les Study Labs ont pour objectif de faire se r\u00e9unir diverses organismes europ\u00e9ens dans le but de d\u00e9velopper des nouvelles comp\u00e9tences et d&rsquo;enrichir l&rsquo;espace d&rsquo;\u00e9changes et de coop\u00e9ration.<\/span><\/p>\n<p dir=\"ltr\" data-placeholder=\"Traduction\">Les Study Labs sont des \u00e9v\u00e8nements o\u00f9 priment la rencontre, la visite de terrain et l&rsquo;\u00e9change d&rsquo;exp\u00e9rience.<\/p>\n<p dir=\"ltr\" data-placeholder=\"Traduction\">Visitez notre site d\u00e9di\u00e9 :&nbsp;<a href=\"https:\/\/entostudylab.org\/\" target=\"_blank\" rel=\"noopener\">Ento Study Labs<\/a><\/p>\n","protected":false},"excerpt":{"rendered":"<p>Lanc\u00e9s pour la premi\u00e8re fois en 2018, les Study Labs ont pour objectif de faire se r\u00e9unir diverses organismes europ\u00e9ens dans le but de d\u00e9velopper des nouvelles comp\u00e9tences et d&rsquo;enrichir l&rsquo;espace d&rsquo;\u00e9changes et de coop\u00e9ration. Les Study Labs sont des \u00e9v\u00e8nements o\u00f9 priment la rencontre, la visite de terrain et l&rsquo;\u00e9change d&rsquo;exp\u00e9rience. Visitez notre site [&hellip;]<\/p>\n","protected":false},"author":8,"featured_media":0,"parent":0,"menu_order":0,"comment_status":"closed","ping_status":"closed","template":"","meta":{"ngg_post_thumbnail":0},"acf":[],"yoast_head":"<!-- This site is optimized with the Yoast SEO plugin v18.1 - https:\/\/yoast.com\/wordpress\/plugins\/seo\/ -->\n<title>Study Labs - Ento<\/title>\n<meta name=\"robots\" content=\"index, follow, max-snippet:-1, max-image-preview:large, max-video-preview:-1\" \/>\n<link rel=\"canonical\" href=\"https:\/\/ento.org\/fr\/study-labs\/\" \/>\n<meta property=\"og:locale\" content=\"fr_FR\" \/>\n<meta property=\"og:type\" content=\"article\" \/>\n<meta property=\"og:title\" content=\"Study Labs - Ento\" \/>\n<meta property=\"og:description\" content=\"Lanc\u00e9s pour la premi\u00e8re fois en 2018, les Study Labs ont pour objectif de faire se r\u00e9unir diverses organismes europ\u00e9ens dans le but de d\u00e9velopper des nouvelles comp\u00e9tences et d&rsquo;enrichir l&rsquo;espace d&rsquo;\u00e9changes et de coop\u00e9ration. Les Study Labs sont des \u00e9v\u00e8nements o\u00f9 priment la rencontre, la visite de terrain et l&rsquo;\u00e9change d&rsquo;exp\u00e9rience. Visitez notre site [&hellip;]\" \/>\n<meta property=\"og:url\" content=\"https:\/\/ento.org\/fr\/study-labs\/\" \/>\n<meta property=\"og:site_name\" content=\"Ento\" \/>\n<meta property=\"article:modified_time\" content=\"2022-09-12T13:23:11+00:00\" \/>\n<meta name=\"twitter:card\" content=\"summary\" \/>\n<meta name=\"twitter:label1\" content=\"Dur\u00e9e de lecture estim\u00e9e\" \/>\n\t<meta name=\"twitter:data1\" content=\"1 minute\" \/>\n<script type=\"application\/ld+json\" class=\"yoast-schema-graph\">{\"@context\":\"https:\/\/schema.org\",\"@graph\":[{\"@type\":\"WebSite\",\"@id\":\"https:\/\/ento.org\/#website\",\"url\":\"https:\/\/ento.org\/\",\"name\":\"Ento\",\"description\":\"European Network Training Organisations for Local and Regional Authorities\",\"potentialAction\":[{\"@type\":\"SearchAction\",\"target\":{\"@type\":\"EntryPoint\",\"urlTemplate\":\"https:\/\/ento.org\/?s={search_term_string}\"},\"query-input\":\"required name=search_term_string\"}],\"inLanguage\":\"fr-FR\"},{\"@type\":\"WebPage\",\"@id\":\"https:\/\/ento.org\/fr\/study-labs\/#webpage\",\"url\":\"https:\/\/ento.org\/fr\/study-labs\/\",\"name\":\"Study Labs - Ento\",\"isPartOf\":{\"@id\":\"https:\/\/ento.org\/#website\"},\"datePublished\":\"2022-09-12T13:21:17+00:00\",\"dateModified\":\"2022-09-12T13:23:11+00:00\",\"breadcrumb\":{\"@id\":\"https:\/\/ento.org\/fr\/study-labs\/#breadcrumb\"},\"inLanguage\":\"fr-FR\",\"potentialAction\":[{\"@type\":\"ReadAction\",\"target\":[\"https:\/\/ento.org\/fr\/study-labs\/\"]}]},{\"@type\":\"BreadcrumbList\",\"@id\":\"https:\/\/ento.org\/fr\/study-labs\/#breadcrumb\",\"itemListElement\":[{\"@type\":\"ListItem\",\"position\":1,\"name\":\"Home\",\"item\":\"https:\/\/ento.org\/fr\/\"},{\"@type\":\"ListItem\",\"position\":2,\"name\":\"Study Labs\"}]}]}<\/script>\n<!-- \/ Yoast SEO plugin. -->","yoast_head_json":{"title":"Study Labs - Ento","robots":{"index":"index","follow":"follow","max-snippet":"max-snippet:-1","max-image-preview":"max-image-preview:large","max-video-preview":"max-video-preview:-1"},"canonical":"https:\/\/ento.org\/fr\/study-labs\/","og_locale":"fr_FR","og_type":"article","og_title":"Study Labs - Ento","og_description":"Lanc\u00e9s pour la premi\u00e8re fois en 2018, les Study Labs ont pour objectif de faire se r\u00e9unir diverses organismes europ\u00e9ens dans le but de d\u00e9velopper des nouvelles comp\u00e9tences et d&rsquo;enrichir l&rsquo;espace d&rsquo;\u00e9changes et de coop\u00e9ration. Les Study Labs sont des \u00e9v\u00e8nements o\u00f9 priment la rencontre, la visite de terrain et l&rsquo;\u00e9change d&rsquo;exp\u00e9rience. Visitez notre site [&hellip;]","og_url":"https:\/\/ento.org\/fr\/study-labs\/","og_site_name":"Ento","article_modified_time":"2022-09-12T13:23:11+00:00","twitter_card":"summary","twitter_misc":{"Dur\u00e9e de lecture estim\u00e9e":"1 minute"},"schema":{"@context":"https:\/\/schema.org","@graph":[{"@type":"WebSite","@id":"https:\/\/ento.org\/#website","url":"https:\/\/ento.org\/","name":"Ento","description":"European Network Training Organisations for Local and Regional Authorities","potentialAction":[{"@type":"SearchAction","target":{"@type":"EntryPoint","urlTemplate":"https:\/\/ento.org\/?s={search_term_string}"},"query-input":"required name=search_term_string"}],"inLanguage":"fr-FR"},{"@type":"WebPage","@id":"https:\/\/ento.org\/fr\/study-labs\/#webpage","url":"https:\/\/ento.org\/fr\/study-labs\/","name":"Study Labs - Ento","isPartOf":{"@id":"https:\/\/ento.org\/#website"},"datePublished":"2022-09-12T13:21:17+00:00","dateModified":"2022-09-12T13:23:11+00:00","breadcrumb":{"@id":"https:\/\/ento.org\/fr\/study-labs\/#breadcrumb"},"inLanguage":"fr-FR","potentialAction":[{"@type":"ReadAction","target":["https:\/\/ento.org\/fr\/study-labs\/"]}]},{"@type":"BreadcrumbList","@id":"https:\/\/ento.org\/fr\/study-labs\/#breadcrumb","itemListElement":[{"@type":"ListItem","position":1,"name":"Home","item":"https:\/\/ento.org\/fr\/"},{"@type":"ListItem","position":2,"name":"Study Labs"}]}]}},"_links":{"self":[{"href":"https:\/\/ento.org\/fr\/wp-json\/wp\/v2\/pages\/18073"}],"collection":[{"href":"https:\/\/ento.org\/fr\/wp-json\/wp\/v2\/pages"}],"about":[{"href":"https:\/\/ento.org\/fr\/wp-json\/wp\/v2\/types\/page"}],"author":[{"embeddable":true,"href":"https:\/\/ento.org\/fr\/wp-json\/wp\/v2\/users\/8"}],"replies":[{"embeddable":true,"href":"https:\/\/ento.org\/fr\/wp-json\/wp\/v2\/comments?post=18073"}],"version-history":[{"count":3,"href":"https:\/\/ento.org\/fr\/wp-json\/wp\/v2\/pages\/18073\/revisions"}],"predecessor-version":[{"id":18077,"href":"https:\/\/ento.org\/fr\/wp-json\/wp\/v2\/pages\/18073\/revisions\/18077"}],"wp:attachment":[{"href":"https:\/\/ento.org\/fr\/wp-json\/wp\/v2\/media?parent=18073"}],"curies":[{"name":"wp","href":"https:\/\/api.w.org\/{rel}","templated":true}]}}